{"id":23,"date":"2025-03-08T19:07:41","date_gmt":"2025-03-09T01:07:41","guid":{"rendered":"http:\/\/test.wyrdeswegas.com\/?page_id=23"},"modified":"2025-03-19T17:28:26","modified_gmt":"2025-03-19T23:28:26","slug":"publicaciones","status":"publish","type":"page","link":"https:\/\/www.wyrdeswegas.com\/index.php\/publicaciones\/","title":{"rendered":"Publicaciones \/ Gewritu \/ \u16c4\u16d6\u16b9\u16b1\u16c1\u16cf\u16a2"},"content":{"rendered":"\n<div class=\"wp-block-media-text is-stacked-on-mobile\"><figure class=\"wp-block-media-text__media\"><a href=\"https:\/\/www.wyrdeswegas.com\/wp-content\/uploads\/pub\/SaucedoHermes-ElAlmaylasNoblesVirtudesenElVagabundo.pdf\"><img loading=\"lazy\" decoding=\"async\" width=\"659\" height=\"1000\" src=\"https:\/\/www.wyrdeswegas.com\/wp-content\/uploads\/2025\/03\/SaucedoHermes-ElAlmaylasNoblesVirtudesenElVagabundo.png\" alt=\"\" class=\"wp-image-76 size-full\" srcset=\"https:\/\/www.wyrdeswegas.com\/wp-content\/uploads\/2025\/03\/SaucedoHermes-ElAlmaylasNoblesVirtudesenElVagabundo.png 659w, https:\/\/www.wyrdeswegas.com\/wp-content\/uploads\/2025\/03\/SaucedoHermes-ElAlmaylasNoblesVirtudesenElVagabundo-198x300.png 198w\" sizes=\"auto, (max-width: 659px) 100vw, 659px\" \/><\/a><\/figure><div class=\"wp-block-media-text__content\">\n<p><em>T\u00edtulo:<\/em> El Alma y las Nobles Virtudes en el Vagabundo.<\/p>\n\n\n\n<p><em>Autor<\/em>: Hermes Saucedo Ju\u00e1rez.<\/p>\n\n\n\n<p><em>A\u00f1o:<\/em> 2014<\/p>\n\n\n\n<p><em>Resumen:<\/em> An\u00e1lisis del poema anglosaj\u00f3n de &#8220;El Vagabundo&#8221; y su relaci\u00f3n con los conceptos de las nobles virtudes.<\/p>\n\n\n\n<p><em>Licencia:<\/em> Creative Commons BY 4.0<\/p>\n<\/div><\/div>\n\n\n\n<div class=\"wp-block-media-text is-stacked-on-mobile\"><figure class=\"wp-block-media-text__media\"><a href=\"https:\/\/www.wyrdeswegas.com\/wp-content\/uploads\/pub\/SaucedoHermes-FYRNSIDU.pdf\"><img loading=\"lazy\" decoding=\"async\" width=\"781\" height=\"1000\" src=\"https:\/\/www.wyrdeswegas.com\/wp-content\/uploads\/2025\/03\/SaucedoHermes-FYRNSIDU.png\" alt=\"\" class=\"wp-image-74 size-full\" srcset=\"https:\/\/www.wyrdeswegas.com\/wp-content\/uploads\/2025\/03\/SaucedoHermes-FYRNSIDU.png 781w, https:\/\/www.wyrdeswegas.com\/wp-content\/uploads\/2025\/03\/SaucedoHermes-FYRNSIDU-234x300.png 234w, https:\/\/www.wyrdeswegas.com\/wp-content\/uploads\/2025\/03\/SaucedoHermes-FYRNSIDU-768x983.png 768w\" sizes=\"auto, (max-width: 781px) 100vw, 781px\" \/><\/a><\/figure><div class=\"wp-block-media-text__content\">\n<p><em>T\u00edtulo<\/em>: &#8220;<strong>Fyrn Sidu<\/strong>&#8220;-Reconstruyendo la Antigua Tradici\u00f3n Anglosajona.<\/p>\n\n\n\n<p><em>Autor<\/em>: Hermes Saucedo Ju\u00e1rez.<\/p>\n\n\n\n<p><em>A\u00f1o<\/em>: 2014<\/p>\n\n\n\n<p><em>Resumen<\/em>: Breve introducci\u00f3n al estudio y pr\u00e1ctica reconstruccionista de la antigua tradici\u00f3n anglosajona.<\/p>\n\n\n\n<p><em>Licencia<\/em>: Creative Commons BY 4.0<\/p>\n<\/div><\/div>\n\n\n\n<div class=\"wp-block-media-text is-stacked-on-mobile\"><figure class=\"wp-block-media-text__media\"><a href=\"https:\/\/www.wyrdeswegas.com\/wp-content\/uploads\/pub\/SaucedoHermes-CURSO%C3%86NGLISC.pdf\"><img loading=\"lazy\" decoding=\"async\" width=\"759\" height=\"1024\" src=\"https:\/\/www.wyrdeswegas.com\/wp-content\/uploads\/2025\/03\/SaucedoHermes_CURSOAENGLISC-759x1024.png\" alt=\"\" class=\"wp-image-52 size-full\" srcset=\"https:\/\/www.wyrdeswegas.com\/wp-content\/uploads\/2025\/03\/SaucedoHermes_CURSOAENGLISC-759x1024.png 759w, https:\/\/www.wyrdeswegas.com\/wp-content\/uploads\/2025\/03\/SaucedoHermes_CURSOAENGLISC-222x300.png 222w, https:\/\/www.wyrdeswegas.com\/wp-content\/uploads\/2025\/03\/SaucedoHermes_CURSOAENGLISC-768x1036.png 768w, https:\/\/www.wyrdeswegas.com\/wp-content\/uploads\/2025\/03\/SaucedoHermes_CURSOAENGLISC.png 1000w\" sizes=\"auto, (max-width: 759px) 100vw, 759px\" \/><\/a><\/figure><div class=\"wp-block-media-text__content\">\n<p><em>T\u00edtulo:<\/em> <strong>\u00c6nglisc<\/strong>. Introducci\u00f3n al Ingl\u00e9s Antiguo para Hispanohablantes.<\/p>\n\n\n\n<p><em>Autor:<\/em> Hermes Saucedo Ju\u00e1rez.<\/p>\n\n\n\n<p><em>A\u00f1o:<\/em> 2015<\/p>\n\n\n\n<p><em>Resumen:<\/em> Breve curso introductorio al estudio del Ingl\u00e9s Antiguo (\u00c6nglisc\/Anglosaj\u00f3n) para hispanohablantes.<\/p>\n\n\n\n<p><em>Licencia:<\/em> Creative Commons BY 4.0<\/p>\n<\/div><\/div>\n\n\n\n<div class=\"wp-block-media-text is-stacked-on-mobile\"><figure class=\"wp-block-media-text__media\"><a href=\"https:\/\/www.wyrdeswegas.com\/wp-content\/uploads\/pub\/SaucedoHermes-LECTURAS%C3%86NGLISC.pdf\"><img loading=\"lazy\" decoding=\"async\" width=\"744\" height=\"1024\" src=\"https:\/\/www.wyrdeswegas.com\/wp-content\/uploads\/2025\/03\/SaucedoHermes_LECTURASAENGLISC-744x1024.png\" alt=\"\" class=\"wp-image-53 size-full\" srcset=\"https:\/\/www.wyrdeswegas.com\/wp-content\/uploads\/2025\/03\/SaucedoHermes_LECTURASAENGLISC-744x1024.png 744w, https:\/\/www.wyrdeswegas.com\/wp-content\/uploads\/2025\/03\/SaucedoHermes_LECTURASAENGLISC-218x300.png 218w, https:\/\/www.wyrdeswegas.com\/wp-content\/uploads\/2025\/03\/SaucedoHermes_LECTURASAENGLISC-768x1058.png 768w, https:\/\/www.wyrdeswegas.com\/wp-content\/uploads\/2025\/03\/SaucedoHermes_LECTURASAENGLISC.png 1000w\" sizes=\"auto, (max-width: 744px) 100vw, 744px\" \/><\/a><\/figure><div class=\"wp-block-media-text__content\">\n<p><em>T\u00edtulo:<\/em> <strong>\u00c6nglisc.<\/strong> Introducci\u00f3n al Ingl\u00e9s Antiguo para Hispanohablantes. <strong>Libro de Lecturas.<\/strong><\/p>\n\n\n\n<p><em>Autor:<\/em> Hermes Saucedo Ju\u00e1rez.<\/p>\n\n\n\n<p><em>A\u00f1o:<\/em> 2015<\/p>\n\n\n\n<p><em>Resumen:<\/em> Libro de lecturas recomendadas para el curso b\u00e1sico de \u00c6nglisc.<\/p>\n\n\n\n<p><em>Licencia:<\/em> Creative Commons BY 4.0<\/p>\n<\/div><\/div>\n\n\n\n<div class=\"wp-block-media-text is-stacked-on-mobile\"><figure class=\"wp-block-media-text__media\"><a href=\"https:\/\/www.wyrdeswegas.com\/wp-content\/uploads\/pub\/SaucedoHermes-RUNAS.pdf\"><img loading=\"lazy\" decoding=\"async\" width=\"650\" height=\"826\" src=\"http:\/\/test.wyrdeswegas.com\/wp-content\/uploads\/2025\/03\/SaucedoHermes-RUNAS.png\" alt=\"\" class=\"wp-image-27 size-full\" srcset=\"https:\/\/www.wyrdeswegas.com\/wp-content\/uploads\/2025\/03\/SaucedoHermes-RUNAS.png 650w, https:\/\/www.wyrdeswegas.com\/wp-content\/uploads\/2025\/03\/SaucedoHermes-RUNAS-236x300.png 236w\" sizes=\"auto, (max-width: 650px) 100vw, 650px\" \/><\/a><\/figure><div class=\"wp-block-media-text__content\">\n<p><em>T\u00edtulo:<\/em> <strong>RUNAS: Un Estudio Personal<\/strong><\/p>\n\n\n\n<p><em>Autor:<\/em> Hermes Saucedo Ju\u00e1rez.<\/p>\n\n\n\n<p><em>A\u00f1o:<\/em> 2016<\/p>\n\n\n\n<p><em>Resumen:<\/em> Un estudio personal acerca de las runas desde los contextos: hist\u00f3rico, ling\u00fc\u00edstico, cultural y m\u00e1gico de los pueblos germ\u00e1nicos antiguos.<\/p>\n\n\n\n<p><em>Licencia: <\/em>Creative Commons BY 4.0<\/p>\n<\/div><\/div>\n\n\n\n<div class=\"wp-block-media-text is-stacked-on-mobile\"><figure class=\"wp-block-media-text__media\"><a href=\"https:\/\/www.wyrdeswegas.com\/wp-content\/uploads\/pub\/SaucedoHermes-FRUMGESCEAP.pdf\"><img loading=\"lazy\" decoding=\"async\" width=\"724\" height=\"1024\" src=\"http:\/\/test.wyrdeswegas.com\/wp-content\/uploads\/2025\/03\/frumgesceap-724x1024.png\" alt=\"\" class=\"wp-image-36 size-full\" srcset=\"https:\/\/www.wyrdeswegas.com\/wp-content\/uploads\/2025\/03\/frumgesceap-724x1024.png 724w, https:\/\/www.wyrdeswegas.com\/wp-content\/uploads\/2025\/03\/frumgesceap-212x300.png 212w, https:\/\/www.wyrdeswegas.com\/wp-content\/uploads\/2025\/03\/frumgesceap-768x1087.png 768w, https:\/\/www.wyrdeswegas.com\/wp-content\/uploads\/2025\/03\/frumgesceap.png 826w\" sizes=\"auto, (max-width: 724px) 100vw, 724px\" \/><\/a><\/figure><div class=\"wp-block-media-text__content\">\n<p><em>T\u00edtulo:<\/em> <strong>\u00de\u00e6t Frumgesceap: La Creaci\u00f3n.<\/strong><\/p>\n\n\n\n<p><em>Autor: <\/em>Hermes Saucedo Ju\u00e1rez.<\/p>\n\n\n\n<p><em>A\u00f1o:<\/em> 2016<\/p>\n\n\n\n<p><em>Resumen:<\/em> Una reinterpretaci\u00f3n personal sobre los mitos de creaci\u00f3n en el \u00e1mbito germ\u00e1nico, narrada en forma de poes\u00eda primitiva germ\u00e1nica en \u00c6nglisc.<\/p>\n\n\n\n<p><em>Licencia: <\/em>Creative Commons BY 4.0<\/p>\n<\/div><\/div>\n\n\n\n<div class=\"wp-block-media-text is-stacked-on-mobile\"><figure class=\"wp-block-media-text__media\"><a href=\"https:\/\/www.wyrdeswegas.com\/wp-content\/uploads\/pub\/SaucedoHermes-RUNASYOTRASESCRITURAS.pdf\"><img loading=\"lazy\" decoding=\"async\" width=\"798\" height=\"1024\" src=\"https:\/\/www.wyrdeswegas.com\/wp-content\/uploads\/2025\/03\/SaucedoHermes_RUNASYOTRASESCRITURAS-798x1024.png\" alt=\"\" class=\"wp-image-56 size-full\" srcset=\"https:\/\/www.wyrdeswegas.com\/wp-content\/uploads\/2025\/03\/SaucedoHermes_RUNASYOTRASESCRITURAS-798x1024.png 798w, https:\/\/www.wyrdeswegas.com\/wp-content\/uploads\/2025\/03\/SaucedoHermes_RUNASYOTRASESCRITURAS-234x300.png 234w, https:\/\/www.wyrdeswegas.com\/wp-content\/uploads\/2025\/03\/SaucedoHermes_RUNASYOTRASESCRITURAS-768x985.png 768w, https:\/\/www.wyrdeswegas.com\/wp-content\/uploads\/2025\/03\/SaucedoHermes_RUNASYOTRASESCRITURAS.png 1000w\" sizes=\"auto, (max-width: 798px) 100vw, 798px\" \/><\/a><\/figure><div class=\"wp-block-media-text__content\">\n<p><em>T\u00edtulo:<\/em> <strong>Runas y Otras Formas de Escritura Relacionadas.<\/strong><\/p>\n\n\n\n<p><em>Autor:<\/em> Hermes Saucedo Ju\u00e1rez.<\/p>\n\n\n\n<p><em>A\u00f1o:<\/em> 2016<\/p>\n\n\n\n<p><em>Resumen:<\/em> An\u00e1lisis comparativo entre las runas y otros alfabetos antiguos relacionados.<\/p>\n\n\n\n<p>Licencia: Creative Commons BY 4.0<\/p>\n<\/div><\/div>\n","protected":false},"excerpt":{"rendered":"<p>T\u00edtulo: El Alma y las Nobles Virtudes en el Vagabundo. Autor: Hermes Saucedo Ju\u00e1rez. A\u00f1o: 2014 Resumen: An\u00e1lisis del poema anglosaj\u00f3n de &#8220;El Vagabundo&#8221; y su relaci\u00f3n con los conceptos de las nobles virtudes. Licencia: Creative Commons BY 4.0 T\u00edtulo: &#8220;Fyrn Sidu&#8220;-Reconstruyendo la Antigua Tradici\u00f3n Anglosajona. Autor: Hermes Saucedo Ju\u00e1rez. A\u00f1o: 2014 Resumen: Breve introducci\u00f3n [&hellip;]<\/p>\n","protected":false},"author":1,"featured_media":0,"parent":0,"menu_order":0,"comment_status":"closed","ping_status":"closed","template":"","meta":{"footnotes":""},"class_list":["post-23","page","type-page","status-publish","hentry"],"_links":{"self":[{"href":"https:\/\/www.wyrdeswegas.com\/index.php\/wp-json\/wp\/v2\/pages\/23","targetHints":{"allow":["GET"]}}],"collection":[{"href":"https:\/\/www.wyrdeswegas.com\/index.php\/wp-json\/wp\/v2\/pages"}],"about":[{"href":"https:\/\/www.wyrdeswegas.com\/index.php\/wp-json\/wp\/v2\/types\/page"}],"author":[{"embeddable":true,"href":"https:\/\/www.wyrdeswegas.com\/index.php\/wp-json\/wp\/v2\/users\/1"}],"replies":[{"embeddable":true,"href":"https:\/\/www.wyrdeswegas.com\/index.php\/wp-json\/wp\/v2\/comments?post=23"}],"version-history":[{"count":17,"href":"https:\/\/www.wyrdeswegas.com\/index.php\/wp-json\/wp\/v2\/pages\/23\/revisions"}],"predecessor-version":[{"id":79,"href":"https:\/\/www.wyrdeswegas.com\/index.php\/wp-json\/wp\/v2\/pages\/23\/revisions\/79"}],"wp:attachment":[{"href":"https:\/\/www.wyrdeswegas.com\/index.php\/wp-json\/wp\/v2\/media?parent=23"}],"curies":[{"name":"wp","href":"https:\/\/api.w.org\/{rel}","templated":true}]}}